{"id":15,"date":"2012-09-18T22:51:16","date_gmt":"2012-09-18T20:51:16","guid":{"rendered":"http:\/\/www.haimo.de\/?page_id=15"},"modified":"2013-08-24T08:36:20","modified_gmt":"2013-08-24T06:36:20","slug":"vita","status":"publish","type":"page","link":"https:\/\/www.haimo.de\/?page_id=15","title":{"rendered":"Impressum"},"content":{"rendered":"<p>Betreiber des Internetangebots <strong>www.haimo.de<\/strong> ist<\/p>\n<p><strong>Haimo Hieronymus<\/strong><br \/>\nM\u00f6hnestra\u00dfe 59<br \/>\n59755 Arnsberg-Neheim<\/p>\n<p>E-Mail: haimo@haimo.de<br \/>\nInternet: http:\/\/www.haimo.de<\/p>\n<p>&nbsp;<\/p>\n<p><strong>Haftungshinweis:<\/strong><br \/>\nTrotz sorgf\u00e4ltiger inhaltlicher Kontrolle \u00fcbernehme ich keine Haftung f\u00fcr die Inhalte externer Links. F\u00fcr den Inhalt der verlinkten Seiten sind ausschlie\u00dflich deren Betreiber verantwortlich.<\/p>\n","protected":false},"excerpt":{"rendered":"<p>Betreiber des Internetangebots www.haimo.de ist Haimo Hieronymus M\u00f6hnestra\u00dfe 59 59755 Arnsberg-Neheim E-Mail: haimo@haimo.de Internet: http:\/\/www.haimo.de &nbsp; Haftungshinweis: Trotz sorgf\u00e4ltiger inhaltlicher Kontrolle \u00fcbernehme ich keine Haftung f\u00fcr die Inhalte externer Links. F\u00fcr den Inhalt der verlinkten Seiten sind ausschlie\u00dflich deren Betreiber verantwortlich.<\/p>\n","protected":false},"author":1,"featured_media":0,"parent":0,"menu_order":6,"comment_status":"closed","ping_status":"open","template":"","meta":{"footnotes":""},"class_list":["post-15","page","type-page","status-publish","hentry"],"_links":{"self":[{"href":"https:\/\/www.haimo.de\/index.php?rest_route=\/wp\/v2\/pages\/15","targetHints":{"allow":["GET"]}}],"collection":[{"href":"https:\/\/www.haimo.de\/index.php?rest_route=\/wp\/v2\/pages"}],"about":[{"href":"https:\/\/www.haimo.de\/index.php?rest_route=\/wp\/v2\/types\/page"}],"author":[{"embeddable":true,"href":"https:\/\/www.haimo.de\/index.php?rest_route=\/wp\/v2\/users\/1"}],"replies":[{"embeddable":true,"href":"https:\/\/www.haimo.de\/index.php?rest_route=%2Fwp%2Fv2%2Fcomments&post=15"}],"version-history":[{"count":6,"href":"https:\/\/www.haimo.de\/index.php?rest_route=\/wp\/v2\/pages\/15\/revisions"}],"predecessor-version":[{"id":63,"href":"https:\/\/www.haimo.de\/index.php?rest_route=\/wp\/v2\/pages\/15\/revisions\/63"}],"wp:attachment":[{"href":"https:\/\/www.haimo.de\/index.php?rest_route=%2Fwp%2Fv2%2Fmedia&parent=15"}],"curies":[{"name":"wp","href":"https:\/\/api.w.org\/{rel}","templated":true}]}}